{"id":122,"date":"2020-02-13T22:48:14","date_gmt":"2020-02-13T22:48:14","guid":{"rendered":"http:\/\/slavomirstankov.com\/wordpress\/?page_id=122"},"modified":"2020-02-14T08:50:25","modified_gmt":"2020-02-14T08:50:25","slug":"poucavanje-za-ucitelje","status":"publish","type":"page","link":"http:\/\/slavomirstankov.com\/wordpress\/?page_id=122","title":{"rendered":"Prezentacije"},"content":{"rendered":"<p><span style=\"color: #000080;\">Fakultet prirodoslovno-matemati\u010dkih i odgojnih znanosti Sveu\u010dili\u0161ta u Mostaru<\/span><br \/>\n<span style=\"color: #000080;\"> Predavanje \u2013 E-u\u010denje: ju\u010der, danas i sutra<\/span><br \/>\n<span style=\"font-size: 1rem;\"><span style=\"color: #000080;\">30. sije\u010dnja 2020.<\/span><br \/>\n<\/span><a href=\"http:\/\/www.slavomirstankov.com\/Mostar_30012020\/Mostar_30012020_Kratka.pdf\">Prezentacija<\/a><\/p>\n<p><span style=\"color: #000080;\">Ministarstvo znanosti i obrazovanja<\/span><br \/>\n<span style=\"color: #000080;\"> Okrugli stol &#8211; U\u010ditelji budu\u0107nosti<\/span><br \/>\n<span style=\"font-size: 1rem;\"><span style=\"color: #000080;\">29. svibnja 2019. i 3. srpnja 2019.<\/span><br \/>\n<\/span><\/p>\n<p><span style=\"font-size: 1rem;\"><a href=\"http:\/\/slavomirstankov.com\/wordpress\/wp-content\/uploads\/2020\/02\/Prijava-za-sudjelovanje.pdf\"><span style=\"font-size: 1rem;\">Prijava za sudjelovanje &#8211; <\/span><\/a><em style=\"font-size: 1rem;\">Pou\u010davanje za u\u010ditelje u okru\u017eenju e-u\u010denja\u2013 primjeri dobre prakse<br \/>\n<\/em><\/span><a href=\"http:\/\/slavomirstankov.com\/wordpress\/wp-content\/uploads\/2020\/02\/U%C4%8Ditelji-budu%C4%87nosti_Zakljucak.pdf\">U\u010ditelji budu\u0107nosti<\/a> \u2013 Zaklju\u010dak (Hrv verzija)<br \/>\n<span style=\"font-size: 1rem;\"><a href=\"http:\/\/slavomirstankov.com\/wordpress\/wp-content\/uploads\/2020\/02\/TeachersforFuture_Conclusion.pdf\">Teachers for the future<\/a> &#8211; Conclusion<\/span><\/p>\n","protected":false},"excerpt":{"rendered":"<p>Fakultet prirodoslovno-matemati\u010dkih i odgojnih znanosti Sveu\u010dili\u0161ta u Mostaru Predavanje \u2013 E-u\u010denje: ju\u010der, danas i sutra 30. sije\u010dnja 2020. Prezentacija Ministarstvo znanosti i obrazovanja Okrugli stol &#8211; U\u010ditelji budu\u0107nosti 29. svibnja 2019. i 3. srpnja 2019. Prijava za sudjelovanje &#8211; Pou\u010davanje za u\u010ditelje u okru\u017eenju e-u\u010denja\u2013 primjeri dobre prakse U\u010ditelji budu\u0107nosti \u2013 Zaklju\u010dak (Hrv verzija) Teachers [&hellip;]<\/p>\n","protected":false},"author":1,"featured_media":0,"parent":0,"menu_order":0,"comment_status":"closed","ping_status":"closed","template":"","meta":{"_monsterinsights_skip_tracking":false,"_monsterinsights_sitenote_active":false,"_monsterinsights_sitenote_note":"","_monsterinsights_sitenote_category":0,"footnotes":""},"class_list":["post-122","page","type-page","status-publish","hentry"],"_links":{"self":[{"href":"http:\/\/slavomirstankov.com\/wordpress\/index.php?rest_route=\/wp\/v2\/pages\/122","targetHints":{"allow":["GET"]}}],"collection":[{"href":"http:\/\/slavomirstankov.com\/wordpress\/index.php?rest_route=\/wp\/v2\/pages"}],"about":[{"href":"http:\/\/slavomirstankov.com\/wordpress\/index.php?rest_route=\/wp\/v2\/types\/page"}],"author":[{"embeddable":true,"href":"http:\/\/slavomirstankov.com\/wordpress\/index.php?rest_route=\/wp\/v2\/users\/1"}],"replies":[{"embeddable":true,"href":"http:\/\/slavomirstankov.com\/wordpress\/index.php?rest_route=%2Fwp%2Fv2%2Fcomments&post=122"}],"version-history":[{"count":11,"href":"http:\/\/slavomirstankov.com\/wordpress\/index.php?rest_route=\/wp\/v2\/pages\/122\/revisions"}],"predecessor-version":[{"id":152,"href":"http:\/\/slavomirstankov.com\/wordpress\/index.php?rest_route=\/wp\/v2\/pages\/122\/revisions\/152"}],"wp:attachment":[{"href":"http:\/\/slavomirstankov.com\/wordpress\/index.php?rest_route=%2Fwp%2Fv2%2Fmedia&parent=122"}],"curies":[{"name":"wp","href":"https:\/\/api.w.org\/{rel}","templated":true}]}}